{"id":625,"date":"2023-12-22T04:13:38","date_gmt":"2023-12-22T04:13:38","guid":{"rendered":"https:\/\/magiaenbruto.cl\/?post_type=product&#038;p=625"},"modified":"2023-12-22T04:13:38","modified_gmt":"2023-12-22T04:13:38","slug":"corte-de-lazos","status":"publish","type":"product","link":"https:\/\/magiaenbruto.cl\/?product=corte-de-lazos","title":{"rendered":"Corte de Lazos"},"content":{"rendered":"<p>Corte de Lazos te ayudar\u00e1 a cortar relaciones tormentosas de cualquier tipo de esta u otras vidas. Este ritual se realiza en Luna nueva y es pre requisito haber realizado limpieza y purificaci\u00f3n energ\u00e9tica. Nada nos asegura que este ritual sea efectivo en el primer intento, por esta raz\u00f3n el ritual se repetir\u00e1 un m\u00e1ximo de 3 veces a fin de lograr el cometido. Por tanto, es imprescindible que est\u00e9s 100% segur@ de cortar todo tipo de relaci\u00f3n con aquella persona y que pongas toda tu intenci\u00f3n en ello.<\/p>\n<p>&nbsp;<\/p>\n<p><strong><em>Si Ud. no se ha realizado en los \u00faltimos 15 d\u00edas una LIMPIEZA ENERG\u00c9TICA DESDE EL PLANO ESPEJO, por favor no compre este servicio. Su dinero ser\u00e1 devuelto y el ritual no se realizar\u00e1.<\/em><\/strong><\/p>\n<p>&nbsp;<\/p>\n<p>&nbsp;<\/p>\n","protected":false},"excerpt":{"rendered":"<p>Corte de Lazos te ayudar\u00e1 a cortar relaciones tormentosas de cualquier tipo de esta u otras vidas. Este ritual se realiza en Luna nueva y es pre requisito haber realizado limpieza y purificaci\u00f3n energ\u00e9tica. Nada nos asegura que este ritual sea efectivo en el primer intento, por esta raz\u00f3n el ritual se repetir\u00e1 un m\u00e1ximo [&hellip;]<\/p>\n","protected":false},"featured_media":623,"comment_status":"open","ping_status":"closed","template":"","meta":[],"product_brand":[],"product_cat":[23],"product_tag":[],"class_list":{"0":"post-625","1":"product","2":"type-product","3":"status-publish","4":"has-post-thumbnail","6":"product_cat-rituales","8":"first","9":"instock","10":"taxable","11":"shipping-taxable","12":"purchasable","13":"product-type-simple"},"jetpack_sharing_enabled":true,"_links":{"self":[{"href":"https:\/\/magiaenbruto.cl\/index.php?rest_route=\/wp\/v2\/product\/625","targetHints":{"allow":["GET"]}}],"collection":[{"href":"https:\/\/magiaenbruto.cl\/index.php?rest_route=\/wp\/v2\/product"}],"about":[{"href":"https:\/\/magiaenbruto.cl\/index.php?rest_route=\/wp\/v2\/types\/product"}],"replies":[{"embeddable":true,"href":"https:\/\/magiaenbruto.cl\/index.php?rest_route=%2Fwp%2Fv2%2Fcomments&post=625"}],"version-history":[{"count":2,"href":"https:\/\/magiaenbruto.cl\/index.php?rest_route=\/wp\/v2\/product\/625\/revisions"}],"predecessor-version":[{"id":627,"href":"https:\/\/magiaenbruto.cl\/index.php?rest_route=\/wp\/v2\/product\/625\/revisions\/627"}],"wp:featuredmedia":[{"embeddable":true,"href":"https:\/\/magiaenbruto.cl\/index.php?rest_route=\/wp\/v2\/media\/623"}],"wp:attachment":[{"href":"https:\/\/magiaenbruto.cl\/index.php?rest_route=%2Fwp%2Fv2%2Fmedia&parent=625"}],"wp:term":[{"taxonomy":"product_brand","embeddable":true,"href":"https:\/\/magiaenbruto.cl\/index.php?rest_route=%2Fwp%2Fv2%2Fproduct_brand&post=625"},{"taxonomy":"product_cat","embeddable":true,"href":"https:\/\/magiaenbruto.cl\/index.php?rest_route=%2Fwp%2Fv2%2Fproduct_cat&post=625"},{"taxonomy":"product_tag","embeddable":true,"href":"https:\/\/magiaenbruto.cl\/index.php?rest_route=%2Fwp%2Fv2%2Fproduct_tag&post=625"}],"curies":[{"name":"wp","href":"https:\/\/api.w.org\/{rel}","templated":true}]}}