{"id":594,"date":"2023-04-28T03:26:34","date_gmt":"2023-04-28T03:26:34","guid":{"rendered":"https:\/\/magiaenbruto.cl\/?post_type=product&#038;p=594"},"modified":"2023-12-22T03:48:05","modified_gmt":"2023-12-22T03:48:05","slug":"purificacion-presencial-de-hogar-desde-el-plano-espejo","status":"publish","type":"product","link":"https:\/\/magiaenbruto.cl\/?product=purificacion-presencial-de-hogar-desde-el-plano-espejo","title":{"rendered":"Purificaci\u00f3n Presencial de Hogar desde el Plano Espejo"},"content":{"rendered":"","protected":false},"excerpt":{"rendered":"<p>Esta asistencia es ideal para potenciar con humos sagrados la limpieza desde el plano espejo, eliminando cualquier tipo de energ\u00edas discordantes o nocivas estancadas<\/p>\n<p style=\"text-align: left;\">y devolvi\u00e9ndole la energ\u00eda vital. Adem\u00e1s se impregnan energ\u00edas divinas que armonizar\u00e1n el hogar.<\/p>\n<p style=\"text-align: center;\"><strong><em>Esta asistencia incluye<\/em><\/strong><strong><em>\u00a0limpieza energ\u00e9tica para 2 personas,\u00a0<\/em><em>evaluaci\u00f3n energ\u00e9tica para quienes vivan en el hogar y amuleto.<\/em><\/strong><\/p>\n<p>&nbsp;<\/p>\n<p>El reporte se entregar\u00e1 en los siguientes 5 d\u00edas h\u00e1biles.<\/p>\n<p>NECESITAR\u00c9 NOMBRE COMPLETO Y FECHA DE NACIMIENTO DE LAS 2 PERSONAS QUE TOMAR\u00c1N LA LIMPIEZA, ADEM\u00c1S DE QUIENES SE HAR\u00c1N LA EVALUACI\u00d3N.DIRECCI\u00d3N EXACTA, N\u00daMERO DE HABITACIONES Y FOTO DE LA FACHADA.(V\u00eda Whatsapp)<\/p>\n","protected":false},"featured_media":595,"comment_status":"open","ping_status":"closed","template":"","meta":[],"product_brand":[],"product_cat":[23],"product_tag":[],"class_list":{"0":"post-594","1":"product","2":"type-product","3":"status-publish","4":"has-post-thumbnail","6":"product_cat-rituales","8":"first","9":"onbackorder","10":"taxable","11":"shipping-taxable","12":"purchasable","13":"product-type-simple"},"jetpack_sharing_enabled":true,"_links":{"self":[{"href":"https:\/\/magiaenbruto.cl\/index.php?rest_route=\/wp\/v2\/product\/594","targetHints":{"allow":["GET"]}}],"collection":[{"href":"https:\/\/magiaenbruto.cl\/index.php?rest_route=\/wp\/v2\/product"}],"about":[{"href":"https:\/\/magiaenbruto.cl\/index.php?rest_route=\/wp\/v2\/types\/product"}],"replies":[{"embeddable":true,"href":"https:\/\/magiaenbruto.cl\/index.php?rest_route=%2Fwp%2Fv2%2Fcomments&post=594"}],"version-history":[{"count":3,"href":"https:\/\/magiaenbruto.cl\/index.php?rest_route=\/wp\/v2\/product\/594\/revisions"}],"predecessor-version":[{"id":606,"href":"https:\/\/magiaenbruto.cl\/index.php?rest_route=\/wp\/v2\/product\/594\/revisions\/606"}],"wp:featuredmedia":[{"embeddable":true,"href":"https:\/\/magiaenbruto.cl\/index.php?rest_route=\/wp\/v2\/media\/595"}],"wp:attachment":[{"href":"https:\/\/magiaenbruto.cl\/index.php?rest_route=%2Fwp%2Fv2%2Fmedia&parent=594"}],"wp:term":[{"taxonomy":"product_brand","embeddable":true,"href":"https:\/\/magiaenbruto.cl\/index.php?rest_route=%2Fwp%2Fv2%2Fproduct_brand&post=594"},{"taxonomy":"product_cat","embeddable":true,"href":"https:\/\/magiaenbruto.cl\/index.php?rest_route=%2Fwp%2Fv2%2Fproduct_cat&post=594"},{"taxonomy":"product_tag","embeddable":true,"href":"https:\/\/magiaenbruto.cl\/index.php?rest_route=%2Fwp%2Fv2%2Fproduct_tag&post=594"}],"curies":[{"name":"wp","href":"https:\/\/api.w.org\/{rel}","templated":true}]}}