{"id":557,"date":"2023-04-01T01:00:07","date_gmt":"2023-04-01T01:00:07","guid":{"rendered":"https:\/\/magiaenbruto.cl\/?post_type=product&#038;p=557"},"modified":"2023-12-22T03:43:28","modified_gmt":"2023-12-22T03:43:28","slug":"evaluacion-energetica","status":"publish","type":"product","link":"https:\/\/magiaenbruto.cl\/?product=evaluacion-energetica","title":{"rendered":"Evaluaci\u00f3n Energ\u00e9tica a Persona"},"content":{"rendered":"","protected":false},"excerpt":{"rendered":"<p>Esta evaluaci\u00f3n es la etapa previa a la purificaci\u00f3n energ\u00e9tica. Con los resultados de esta evaluaci\u00f3n se decidir\u00e1 si es realmente necesaria una limpieza o purificaci\u00f3n energ\u00e9tica desde el plano espejo.<\/p>\n<p>&nbsp;<\/p>\n<p><strong><em>Evaluaci\u00f3n con reporte diferido<\/em><\/strong><\/p>\n<p><em>Necesitar\u00e9 nombre completo y fecha de nacimiento que podr\u00e1s indicar al momento de hacer el pago.<\/em><\/p>\n<p><em>Los d\u00edas jueves de cada semana enviar\u00e9 el reporte con archivo pdf y audio explicativo.<\/em><\/p>\n","protected":false},"featured_media":47,"comment_status":"open","ping_status":"closed","template":"","meta":[],"product_brand":[],"product_cat":[24],"product_tag":[],"class_list":{"0":"post-557","1":"product","2":"type-product","3":"status-publish","4":"has-post-thumbnail","6":"product_cat-lecturas","8":"first","9":"instock","10":"taxable","11":"shipping-taxable","12":"purchasable","13":"product-type-simple"},"jetpack_sharing_enabled":true,"_links":{"self":[{"href":"https:\/\/magiaenbruto.cl\/index.php?rest_route=\/wp\/v2\/product\/557","targetHints":{"allow":["GET"]}}],"collection":[{"href":"https:\/\/magiaenbruto.cl\/index.php?rest_route=\/wp\/v2\/product"}],"about":[{"href":"https:\/\/magiaenbruto.cl\/index.php?rest_route=\/wp\/v2\/types\/product"}],"replies":[{"embeddable":true,"href":"https:\/\/magiaenbruto.cl\/index.php?rest_route=%2Fwp%2Fv2%2Fcomments&post=557"}],"version-history":[{"count":2,"href":"https:\/\/magiaenbruto.cl\/index.php?rest_route=\/wp\/v2\/product\/557\/revisions"}],"predecessor-version":[{"id":575,"href":"https:\/\/magiaenbruto.cl\/index.php?rest_route=\/wp\/v2\/product\/557\/revisions\/575"}],"wp:featuredmedia":[{"embeddable":true,"href":"https:\/\/magiaenbruto.cl\/index.php?rest_route=\/wp\/v2\/media\/47"}],"wp:attachment":[{"href":"https:\/\/magiaenbruto.cl\/index.php?rest_route=%2Fwp%2Fv2%2Fmedia&parent=557"}],"wp:term":[{"taxonomy":"product_brand","embeddable":true,"href":"https:\/\/magiaenbruto.cl\/index.php?rest_route=%2Fwp%2Fv2%2Fproduct_brand&post=557"},{"taxonomy":"product_cat","embeddable":true,"href":"https:\/\/magiaenbruto.cl\/index.php?rest_route=%2Fwp%2Fv2%2Fproduct_cat&post=557"},{"taxonomy":"product_tag","embeddable":true,"href":"https:\/\/magiaenbruto.cl\/index.php?rest_route=%2Fwp%2Fv2%2Fproduct_tag&post=557"}],"curies":[{"name":"wp","href":"https:\/\/api.w.org\/{rel}","templated":true}]}}