{"id":545,"date":"2023-02-23T04:29:29","date_gmt":"2023-02-23T04:29:29","guid":{"rendered":"https:\/\/magiaenbruto.cl\/?post_type=product&#038;p=545"},"modified":"2023-12-22T04:26:16","modified_gmt":"2023-12-22T04:26:16","slug":"limpieza-energetica-desde-el-plano-espejo-a-espacios-1-persona","status":"publish","type":"product","link":"https:\/\/magiaenbruto.cl\/?product=limpieza-energetica-desde-el-plano-espejo-a-espacios-1-persona","title":{"rendered":"Limpieza Energetica desde el Plano Espejo a Espacios + 1 persona"},"content":{"rendered":"","protected":false},"excerpt":{"rendered":"<p>Limpieza Energ\u00e9tica desde el Plano Espejo<br \/>\nEs una terapia de sanaci\u00f3n en donde mediante canalizaci\u00f3n y utilizando herramientas m\u00e1gicas se logra una desintoxicaci\u00f3n y purificaci\u00f3n energ\u00e9tica que nos libera de variadas contaminaciones. Principalmente enfocada a la liberaci\u00f3n de trabajos de brujer\u00edas, hechizos, maldiciones, envidias y todo tipo de seres de baja frecuencia que nos impiden conectar con nuestra energ\u00eda vital.<\/p>\n<p>Dirigido a espacios <strong>peque\u00f1os<\/strong> tales como <em>oficinas, dormitorios o departamentos de 1 ambiente<\/em> en donde se perciban energ\u00edas de baja frecuencia, la sesi\u00f3n se realiza a distancia y con reporte diferido, es decir, recibir\u00e1s en los siguientes d\u00edas un archivo PDF y un audio explicativo con todo lo ocurrido en la limpieza y las indicaciones correspondientes seg\u00fan cada caso.<\/p>\n<p>Esta asistencia comprende Limpieza Energ\u00e9tica para 1 persona que debe ser quien viva o trabaje en el espacio.<\/p>\n<p>&nbsp;<\/p>\n","protected":false},"featured_media":358,"comment_status":"open","ping_status":"closed","template":"","meta":[],"product_brand":[],"product_cat":[23],"product_tag":[],"class_list":{"0":"post-545","1":"product","2":"type-product","3":"status-publish","4":"has-post-thumbnail","6":"product_cat-rituales","8":"first","9":"instock","10":"featured","11":"taxable","12":"shipping-taxable","13":"purchasable","14":"product-type-simple"},"jetpack_sharing_enabled":true,"_links":{"self":[{"href":"https:\/\/magiaenbruto.cl\/index.php?rest_route=\/wp\/v2\/product\/545","targetHints":{"allow":["GET"]}}],"collection":[{"href":"https:\/\/magiaenbruto.cl\/index.php?rest_route=\/wp\/v2\/product"}],"about":[{"href":"https:\/\/magiaenbruto.cl\/index.php?rest_route=\/wp\/v2\/types\/product"}],"replies":[{"embeddable":true,"href":"https:\/\/magiaenbruto.cl\/index.php?rest_route=%2Fwp%2Fv2%2Fcomments&post=545"}],"version-history":[{"count":3,"href":"https:\/\/magiaenbruto.cl\/index.php?rest_route=\/wp\/v2\/product\/545\/revisions"}],"predecessor-version":[{"id":572,"href":"https:\/\/magiaenbruto.cl\/index.php?rest_route=\/wp\/v2\/product\/545\/revisions\/572"}],"wp:featuredmedia":[{"embeddable":true,"href":"https:\/\/magiaenbruto.cl\/index.php?rest_route=\/wp\/v2\/media\/358"}],"wp:attachment":[{"href":"https:\/\/magiaenbruto.cl\/index.php?rest_route=%2Fwp%2Fv2%2Fmedia&parent=545"}],"wp:term":[{"taxonomy":"product_brand","embeddable":true,"href":"https:\/\/magiaenbruto.cl\/index.php?rest_route=%2Fwp%2Fv2%2Fproduct_brand&post=545"},{"taxonomy":"product_cat","embeddable":true,"href":"https:\/\/magiaenbruto.cl\/index.php?rest_route=%2Fwp%2Fv2%2Fproduct_cat&post=545"},{"taxonomy":"product_tag","embeddable":true,"href":"https:\/\/magiaenbruto.cl\/index.php?rest_route=%2Fwp%2Fv2%2Fproduct_tag&post=545"}],"curies":[{"name":"wp","href":"https:\/\/api.w.org\/{rel}","templated":true}]}}