{"id":504,"date":"2023-02-03T06:42:23","date_gmt":"2023-02-03T06:42:23","guid":{"rendered":"https:\/\/magiaenbruto.cl\/?post_type=product&#038;p=504"},"modified":"2023-10-05T20:28:22","modified_gmt":"2023-10-05T20:28:22","slug":"dulce-proposito-incesante","status":"publish","type":"product","link":"https:\/\/magiaenbruto.cl\/?product=dulce-proposito-incesante","title":{"rendered":"Dulce Prop\u00f3sito Incesante"},"content":{"rendered":"","protected":false},"excerpt":{"rendered":"<p>Dulce prop\u00f3sito, para quienes deseen mitigar diferencias y devolver la armon\u00eda entre familiares, compa\u00f1eros de trabajo, amistades en general y sobretodo calma y suaviza la atm\u00f3sfera en las relaciones de pareja.<\/p>\n<p>CONSTA DE:<\/p>\n<ul>\n<li>Asistencia por 12 meses consecutivos, lo que significa que ser\u00e1 reforzado en cada ciclo lunar.<\/li>\n<li>Limpieza energ\u00e9tica previa para comenzar desde la armon\u00eda para 2 personas<\/li>\n<li>Amuleto<\/li>\n<\/ul>\n","protected":false},"featured_media":478,"comment_status":"open","ping_status":"closed","template":"","meta":[],"product_brand":[],"product_cat":[23],"product_tag":[],"class_list":{"0":"post-504","1":"product","2":"type-product","3":"status-publish","4":"has-post-thumbnail","6":"product_cat-rituales","8":"first","9":"onbackorder","10":"taxable","11":"shipping-taxable","12":"purchasable","13":"product-type-simple"},"jetpack_sharing_enabled":true,"_links":{"self":[{"href":"https:\/\/magiaenbruto.cl\/index.php?rest_route=\/wp\/v2\/product\/504","targetHints":{"allow":["GET"]}}],"collection":[{"href":"https:\/\/magiaenbruto.cl\/index.php?rest_route=\/wp\/v2\/product"}],"about":[{"href":"https:\/\/magiaenbruto.cl\/index.php?rest_route=\/wp\/v2\/types\/product"}],"replies":[{"embeddable":true,"href":"https:\/\/magiaenbruto.cl\/index.php?rest_route=%2Fwp%2Fv2%2Fcomments&post=504"}],"version-history":[{"count":4,"href":"https:\/\/magiaenbruto.cl\/index.php?rest_route=\/wp\/v2\/product\/504\/revisions"}],"predecessor-version":[{"id":607,"href":"https:\/\/magiaenbruto.cl\/index.php?rest_route=\/wp\/v2\/product\/504\/revisions\/607"}],"wp:featuredmedia":[{"embeddable":true,"href":"https:\/\/magiaenbruto.cl\/index.php?rest_route=\/wp\/v2\/media\/478"}],"wp:attachment":[{"href":"https:\/\/magiaenbruto.cl\/index.php?rest_route=%2Fwp%2Fv2%2Fmedia&parent=504"}],"wp:term":[{"taxonomy":"product_brand","embeddable":true,"href":"https:\/\/magiaenbruto.cl\/index.php?rest_route=%2Fwp%2Fv2%2Fproduct_brand&post=504"},{"taxonomy":"product_cat","embeddable":true,"href":"https:\/\/magiaenbruto.cl\/index.php?rest_route=%2Fwp%2Fv2%2Fproduct_cat&post=504"},{"taxonomy":"product_tag","embeddable":true,"href":"https:\/\/magiaenbruto.cl\/index.php?rest_route=%2Fwp%2Fv2%2Fproduct_tag&post=504"}],"curies":[{"name":"wp","href":"https:\/\/api.w.org\/{rel}","templated":true}]}}