{"id":497,"date":"2023-02-03T06:33:01","date_gmt":"2023-02-03T06:33:01","guid":{"rendered":"https:\/\/magiaenbruto.cl\/?post_type=product&#038;p=497"},"modified":"2023-07-31T02:03:14","modified_gmt":"2023-07-31T02:03:14","slug":"oraculo-sabio","status":"publish","type":"product","link":"https:\/\/magiaenbruto.cl\/?product=oraculo-sabio","title":{"rendered":"Or\u00e1culo Sabio"},"content":{"rendered":"","protected":false},"excerpt":{"rendered":"<p>Consejo del Or\u00e1culo<\/p>\n<p>Se expone un problema, inquietud o adversidad. El Oraculo te ofrecer\u00e1 su consejo a modo general a tu problema y podr\u00e1s hacer 3 preguntas extra.<\/p>\n<p>&nbsp;<\/p>\n<p>Tambi\u00e9n puedes enfocar la lectura a los siguientes aspectos:<\/p>\n<ul>\n<li>V\u00ednculos amorosos<\/li>\n<li>\u00a0Relaciones en general<\/li>\n<li>Linaje<\/li>\n<li>Auto conocimiento, \u00bfqu\u00e9 me falta trabajar para ser la mejor versi\u00f3n de m\u00ed?<\/li>\n<\/ul>\n<p>&nbsp;<\/p>\n<p>&nbsp;<\/p>\n<p><em><strong>SERVICIO CON REPORTE DIFERIDO<\/strong><\/em><\/p>\n<p><em>El reporte diferido quiere decir que el resultado de la lectura ser\u00e1 enviado luego de algunos d\u00edas.<\/em><\/p>\n<p>&nbsp;<\/p>\n","protected":false},"featured_media":390,"comment_status":"open","ping_status":"closed","template":"","meta":[],"product_brand":[],"product_cat":[24],"product_tag":[],"class_list":{"0":"post-497","1":"product","2":"type-product","3":"status-publish","4":"has-post-thumbnail","6":"product_cat-lecturas","8":"first","9":"outofstock","10":"taxable","11":"shipping-taxable","12":"purchasable","13":"product-type-simple"},"jetpack_sharing_enabled":true,"_links":{"self":[{"href":"https:\/\/magiaenbruto.cl\/index.php?rest_route=\/wp\/v2\/product\/497","targetHints":{"allow":["GET"]}}],"collection":[{"href":"https:\/\/magiaenbruto.cl\/index.php?rest_route=\/wp\/v2\/product"}],"about":[{"href":"https:\/\/magiaenbruto.cl\/index.php?rest_route=\/wp\/v2\/types\/product"}],"replies":[{"embeddable":true,"href":"https:\/\/magiaenbruto.cl\/index.php?rest_route=%2Fwp%2Fv2%2Fcomments&post=497"}],"version-history":[{"count":3,"href":"https:\/\/magiaenbruto.cl\/index.php?rest_route=\/wp\/v2\/product\/497\/revisions"}],"predecessor-version":[{"id":563,"href":"https:\/\/magiaenbruto.cl\/index.php?rest_route=\/wp\/v2\/product\/497\/revisions\/563"}],"wp:featuredmedia":[{"embeddable":true,"href":"https:\/\/magiaenbruto.cl\/index.php?rest_route=\/wp\/v2\/media\/390"}],"wp:attachment":[{"href":"https:\/\/magiaenbruto.cl\/index.php?rest_route=%2Fwp%2Fv2%2Fmedia&parent=497"}],"wp:term":[{"taxonomy":"product_brand","embeddable":true,"href":"https:\/\/magiaenbruto.cl\/index.php?rest_route=%2Fwp%2Fv2%2Fproduct_brand&post=497"},{"taxonomy":"product_cat","embeddable":true,"href":"https:\/\/magiaenbruto.cl\/index.php?rest_route=%2Fwp%2Fv2%2Fproduct_cat&post=497"},{"taxonomy":"product_tag","embeddable":true,"href":"https:\/\/magiaenbruto.cl\/index.php?rest_route=%2Fwp%2Fv2%2Fproduct_tag&post=497"}],"curies":[{"name":"wp","href":"https:\/\/api.w.org\/{rel}","templated":true}]}}