{"id":477,"date":"2023-02-03T06:02:42","date_gmt":"2023-02-03T06:02:42","guid":{"rendered":"https:\/\/magiaenbruto.cl\/?post_type=product&#038;p=477"},"modified":"2023-12-22T03:49:20","modified_gmt":"2023-12-22T03:49:20","slug":"dulce-proposito","status":"publish","type":"product","link":"https:\/\/magiaenbruto.cl\/?product=dulce-proposito","title":{"rendered":"Dulce Prop\u00f3sito"},"content":{"rendered":"","protected":false},"excerpt":{"rendered":"<p>Dulce prop\u00f3sito, para quienes deseen mitigar conflictos y devolver la armon\u00eda entre familiares, compa\u00f1eros de trabajo, amistades en general y sobretodo calma y suaviza la atm\u00f3sfera en las relaciones de pareja.<\/p>\n<p>CONSTA DE:<\/p>\n<ul>\n<li>Asistencia por 3 ciclos lunares consecutivos, lo que significa que ser\u00e1 reforzado en cada uno de ellos.<\/li>\n<li>Limpieza energ\u00e9tica previa para comenzar desde la armon\u00eda para 2 personas.<\/li>\n<\/ul>\n","protected":false},"featured_media":478,"comment_status":"open","ping_status":"closed","template":"","meta":[],"product_brand":[],"product_cat":[23],"product_tag":[],"class_list":{"0":"post-477","1":"product","2":"type-product","3":"status-publish","4":"has-post-thumbnail","6":"product_cat-rituales","8":"first","9":"onbackorder","10":"taxable","11":"shipping-taxable","12":"purchasable","13":"product-type-simple"},"jetpack_sharing_enabled":true,"_links":{"self":[{"href":"https:\/\/magiaenbruto.cl\/index.php?rest_route=\/wp\/v2\/product\/477","targetHints":{"allow":["GET"]}}],"collection":[{"href":"https:\/\/magiaenbruto.cl\/index.php?rest_route=\/wp\/v2\/product"}],"about":[{"href":"https:\/\/magiaenbruto.cl\/index.php?rest_route=\/wp\/v2\/types\/product"}],"replies":[{"embeddable":true,"href":"https:\/\/magiaenbruto.cl\/index.php?rest_route=%2Fwp%2Fv2%2Fcomments&post=477"}],"version-history":[{"count":3,"href":"https:\/\/magiaenbruto.cl\/index.php?rest_route=\/wp\/v2\/product\/477\/revisions"}],"predecessor-version":[{"id":605,"href":"https:\/\/magiaenbruto.cl\/index.php?rest_route=\/wp\/v2\/product\/477\/revisions\/605"}],"wp:featuredmedia":[{"embeddable":true,"href":"https:\/\/magiaenbruto.cl\/index.php?rest_route=\/wp\/v2\/media\/478"}],"wp:attachment":[{"href":"https:\/\/magiaenbruto.cl\/index.php?rest_route=%2Fwp%2Fv2%2Fmedia&parent=477"}],"wp:term":[{"taxonomy":"product_brand","embeddable":true,"href":"https:\/\/magiaenbruto.cl\/index.php?rest_route=%2Fwp%2Fv2%2Fproduct_brand&post=477"},{"taxonomy":"product_cat","embeddable":true,"href":"https:\/\/magiaenbruto.cl\/index.php?rest_route=%2Fwp%2Fv2%2Fproduct_cat&post=477"},{"taxonomy":"product_tag","embeddable":true,"href":"https:\/\/magiaenbruto.cl\/index.php?rest_route=%2Fwp%2Fv2%2Fproduct_tag&post=477"}],"curies":[{"name":"wp","href":"https:\/\/api.w.org\/{rel}","templated":true}]}}