{"id":408,"date":"2023-02-01T23:32:54","date_gmt":"2023-02-01T23:32:54","guid":{"rendered":"https:\/\/magiaenbruto.cl\/?post_type=product&#038;p=408"},"modified":"2023-12-22T04:23:47","modified_gmt":"2023-12-22T04:23:47","slug":"identificacion-de-dones","status":"publish","type":"product","link":"https:\/\/magiaenbruto.cl\/?product=identificacion-de-dones","title":{"rendered":"Identificaci\u00f3n de Dones"},"content":{"rendered":"","protected":false},"excerpt":{"rendered":"<p>Mediante esta canalizaci\u00f3n podemos identificar tus Dones Espirituales y Ps\u00edquicos as\u00ed como tambi\u00e9n aquellos que se encuentran dormidos en tu interior y que se encuentren disponibles para activar. Asimismo recibir\u00e1s asistencia y apoyo para desarrollarlos de la mejor y m\u00e1s armoniosa manera. Recuerda que este es el inicio del camino espiritual, por lo que si buscas desarrollar y utilizar tus dones con rapidez entonces a\u00fan no es tu momento.<\/p>\n<ul>\n<li><span style=\"color: #000000;\"><em><strong>Incluye limpieza energ\u00e9tica desde el Plano Espejo<br \/>\nSESI\u00d3N A DISTANCIA CON REPORTE DIFERIDO<\/strong><\/em><\/span><\/li>\n<\/ul>\n<p>&nbsp;<\/p>\n","protected":false},"featured_media":412,"comment_status":"open","ping_status":"closed","template":"","meta":[],"product_brand":[],"product_cat":[23],"product_tag":[],"class_list":{"0":"post-408","1":"product","2":"type-product","3":"status-publish","4":"has-post-thumbnail","6":"product_cat-rituales","8":"first","9":"instock","10":"taxable","11":"shipping-taxable","12":"purchasable","13":"product-type-simple"},"jetpack_sharing_enabled":true,"_links":{"self":[{"href":"https:\/\/magiaenbruto.cl\/index.php?rest_route=\/wp\/v2\/product\/408","targetHints":{"allow":["GET"]}}],"collection":[{"href":"https:\/\/magiaenbruto.cl\/index.php?rest_route=\/wp\/v2\/product"}],"about":[{"href":"https:\/\/magiaenbruto.cl\/index.php?rest_route=\/wp\/v2\/types\/product"}],"replies":[{"embeddable":true,"href":"https:\/\/magiaenbruto.cl\/index.php?rest_route=%2Fwp%2Fv2%2Fcomments&post=408"}],"version-history":[{"count":2,"href":"https:\/\/magiaenbruto.cl\/index.php?rest_route=\/wp\/v2\/product\/408\/revisions"}],"predecessor-version":[{"id":503,"href":"https:\/\/magiaenbruto.cl\/index.php?rest_route=\/wp\/v2\/product\/408\/revisions\/503"}],"wp:featuredmedia":[{"embeddable":true,"href":"https:\/\/magiaenbruto.cl\/index.php?rest_route=\/wp\/v2\/media\/412"}],"wp:attachment":[{"href":"https:\/\/magiaenbruto.cl\/index.php?rest_route=%2Fwp%2Fv2%2Fmedia&parent=408"}],"wp:term":[{"taxonomy":"product_brand","embeddable":true,"href":"https:\/\/magiaenbruto.cl\/index.php?rest_route=%2Fwp%2Fv2%2Fproduct_brand&post=408"},{"taxonomy":"product_cat","embeddable":true,"href":"https:\/\/magiaenbruto.cl\/index.php?rest_route=%2Fwp%2Fv2%2Fproduct_cat&post=408"},{"taxonomy":"product_tag","embeddable":true,"href":"https:\/\/magiaenbruto.cl\/index.php?rest_route=%2Fwp%2Fv2%2Fproduct_tag&post=408"}],"curies":[{"name":"wp","href":"https:\/\/api.w.org\/{rel}","templated":true}]}}