{"id":394,"date":"2023-02-01T01:54:29","date_gmt":"2023-02-01T01:54:29","guid":{"rendered":"https:\/\/magiaenbruto.cl\/?post_type=product&#038;p=394"},"modified":"2023-12-22T03:47:46","modified_gmt":"2023-12-22T03:47:46","slug":"limpieza-de-hogar-presencial","status":"publish","type":"product","link":"https:\/\/magiaenbruto.cl\/?product=limpieza-de-hogar-presencial","title":{"rendered":"Purificaci\u00f3n Presencial de oficina o habitaci\u00f3n desde el Plano Espejo"},"content":{"rendered":"","protected":false},"excerpt":{"rendered":"<p>Esta asistencia de Purificaci\u00f3n desde el Plano Espejo para habitaciones, oficinas o espacios peque\u00f1os es ideal para quienes deseen desintoxicar su espacio de cualquier energ\u00eda discordante, energ\u00edas nocivas o densas estancadas y, por tanto, devolverle la energ\u00eda vital al espacio, impregnando energ\u00edas divinas y solicitando asistencia espiritual. De esta manera la energ\u00eda volver\u00e1 a circular de forma armoniosa y equilibrada de la mejor y m\u00e1s elevada manera.<\/p>\n<p><em>Esta Asistencia comprende Limpieza Energ\u00e9tica para 1 persona.<\/em><\/p>\n<p>&nbsp;<\/p>\n","protected":false},"featured_media":53,"comment_status":"open","ping_status":"closed","template":"","meta":[],"product_brand":[],"product_cat":[23],"product_tag":[],"class_list":{"0":"post-394","1":"product","2":"type-product","3":"status-publish","4":"has-post-thumbnail","6":"product_cat-rituales","8":"first","9":"onbackorder","10":"taxable","11":"shipping-taxable","12":"purchasable","13":"product-type-simple"},"jetpack_sharing_enabled":true,"_links":{"self":[{"href":"https:\/\/magiaenbruto.cl\/index.php?rest_route=\/wp\/v2\/product\/394","targetHints":{"allow":["GET"]}}],"collection":[{"href":"https:\/\/magiaenbruto.cl\/index.php?rest_route=\/wp\/v2\/product"}],"about":[{"href":"https:\/\/magiaenbruto.cl\/index.php?rest_route=\/wp\/v2\/types\/product"}],"replies":[{"embeddable":true,"href":"https:\/\/magiaenbruto.cl\/index.php?rest_route=%2Fwp%2Fv2%2Fcomments&post=394"}],"version-history":[{"count":8,"href":"https:\/\/magiaenbruto.cl\/index.php?rest_route=\/wp\/v2\/product\/394\/revisions"}],"predecessor-version":[{"id":431,"href":"https:\/\/magiaenbruto.cl\/index.php?rest_route=\/wp\/v2\/product\/394\/revisions\/431"}],"wp:featuredmedia":[{"embeddable":true,"href":"https:\/\/magiaenbruto.cl\/index.php?rest_route=\/wp\/v2\/media\/53"}],"wp:attachment":[{"href":"https:\/\/magiaenbruto.cl\/index.php?rest_route=%2Fwp%2Fv2%2Fmedia&parent=394"}],"wp:term":[{"taxonomy":"product_brand","embeddable":true,"href":"https:\/\/magiaenbruto.cl\/index.php?rest_route=%2Fwp%2Fv2%2Fproduct_brand&post=394"},{"taxonomy":"product_cat","embeddable":true,"href":"https:\/\/magiaenbruto.cl\/index.php?rest_route=%2Fwp%2Fv2%2Fproduct_cat&post=394"},{"taxonomy":"product_tag","embeddable":true,"href":"https:\/\/magiaenbruto.cl\/index.php?rest_route=%2Fwp%2Fv2%2Fproduct_tag&post=394"}],"curies":[{"name":"wp","href":"https:\/\/api.w.org\/{rel}","templated":true}]}}