{"id":388,"date":"2023-02-01T01:46:16","date_gmt":"2023-02-01T01:46:16","guid":{"rendered":"https:\/\/magiaenbruto.cl\/?post_type=product&#038;p=388"},"modified":"2023-12-22T03:44:40","modified_gmt":"2023-12-22T03:44:40","slug":"lectura-de-tarot","status":"publish","type":"product","link":"https:\/\/magiaenbruto.cl\/?product=lectura-de-tarot","title":{"rendered":"Lectura de Tarot 45 min preguntas libres"},"content":{"rendered":"","protected":false},"excerpt":{"rendered":"<p>Sesi\u00f3n de Lectura de Tarot<\/p>\n<p>Sesi\u00f3n de 30 minutos. M\u00e1ximo 10 preguntas por sesi\u00f3n<\/p>\n<p><strong><em>SERVICIO A DISTANCIA POR VIDEOLLAMADA<\/em><\/strong><\/p>\n","protected":false},"featured_media":392,"comment_status":"open","ping_status":"closed","template":"","meta":[],"product_brand":[],"product_cat":[24],"product_tag":[],"class_list":{"0":"post-388","1":"product","2":"type-product","3":"status-publish","4":"has-post-thumbnail","6":"product_cat-lecturas","8":"first","9":"instock","10":"taxable","11":"shipping-taxable","12":"purchasable","13":"product-type-simple"},"jetpack_sharing_enabled":true,"_links":{"self":[{"href":"https:\/\/magiaenbruto.cl\/index.php?rest_route=\/wp\/v2\/product\/388","targetHints":{"allow":["GET"]}}],"collection":[{"href":"https:\/\/magiaenbruto.cl\/index.php?rest_route=\/wp\/v2\/product"}],"about":[{"href":"https:\/\/magiaenbruto.cl\/index.php?rest_route=\/wp\/v2\/types\/product"}],"replies":[{"embeddable":true,"href":"https:\/\/magiaenbruto.cl\/index.php?rest_route=%2Fwp%2Fv2%2Fcomments&post=388"}],"version-history":[{"count":5,"href":"https:\/\/magiaenbruto.cl\/index.php?rest_route=\/wp\/v2\/product\/388\/revisions"}],"predecessor-version":[{"id":621,"href":"https:\/\/magiaenbruto.cl\/index.php?rest_route=\/wp\/v2\/product\/388\/revisions\/621"}],"wp:featuredmedia":[{"embeddable":true,"href":"https:\/\/magiaenbruto.cl\/index.php?rest_route=\/wp\/v2\/media\/392"}],"wp:attachment":[{"href":"https:\/\/magiaenbruto.cl\/index.php?rest_route=%2Fwp%2Fv2%2Fmedia&parent=388"}],"wp:term":[{"taxonomy":"product_brand","embeddable":true,"href":"https:\/\/magiaenbruto.cl\/index.php?rest_route=%2Fwp%2Fv2%2Fproduct_brand&post=388"},{"taxonomy":"product_cat","embeddable":true,"href":"https:\/\/magiaenbruto.cl\/index.php?rest_route=%2Fwp%2Fv2%2Fproduct_cat&post=388"},{"taxonomy":"product_tag","embeddable":true,"href":"https:\/\/magiaenbruto.cl\/index.php?rest_route=%2Fwp%2Fv2%2Fproduct_tag&post=388"}],"curies":[{"name":"wp","href":"https:\/\/api.w.org\/{rel}","templated":true}]}}