{"id":380,"date":"2023-02-01T01:26:15","date_gmt":"2023-02-01T01:26:15","guid":{"rendered":"https:\/\/magiaenbruto.cl\/?post_type=product&#038;p=380"},"modified":"2024-01-13T15:18:33","modified_gmt":"2024-01-13T15:18:33","slug":"limpieza-energetica-desde-el-plano-espejo","status":"publish","type":"product","link":"https:\/\/magiaenbruto.cl\/?product=limpieza-energetica-desde-el-plano-espejo","title":{"rendered":"Limpieza Energetica desde el Plano Espejo Individual"},"content":{"rendered":"","protected":false},"excerpt":{"rendered":"<p>Limpieza Energ\u00e9tica desde el Plano Espejo<br \/>\nMediante canalizaci\u00f3n y utilizando herramientas m\u00e1gicas se logra una desintoxicaci\u00f3n y purificaci\u00f3n energ\u00e9tica que nos libera de variadas contaminaciones. Principalmente enfocada a la liberaci\u00f3n de trabajos de brujer\u00edas, hechizos, maldiciones, envidias y todo tipo de seres de baja frecuencia que nos impiden conectar con nuestra energ\u00eda vital.<\/p>\n<p>En esta limpieza encontrar\u00e1s solo beneficios ya que luego de descontaminar tu cuerpo et\u00e9rico se reforzar\u00e1 activando y restaurando cada uno de tus chakras, cerrando portales, eliminando contratos y votos de vidas pasadas que interfieran en tu libre albedr\u00edo, impregnando tus cuerpos sutiles de energ\u00edas divinas que luego ser\u00e1 t\u00fa trabajo espiritual mantener.<\/p>\n<p><strong><em>SESI\u00d3N A DISTANCIA CON REPORTE DIFERIDO (ARCHIVO PDF)<\/em><\/strong><\/p>\n<p>&nbsp;<\/p>\n<p style=\"padding-left: 40px;\"><em>El reporte diferido quiere decir que el resultado ser\u00e1 enviado luego de algunos d\u00edas<\/em><\/p>\n<p style=\"padding-left: 40px;\">\n","protected":false},"featured_media":384,"comment_status":"open","ping_status":"closed","template":"","meta":[],"product_brand":[],"product_cat":[23],"product_tag":[],"class_list":{"0":"post-380","1":"product","2":"type-product","3":"status-publish","4":"has-post-thumbnail","6":"product_cat-rituales","8":"first","9":"instock","10":"featured","11":"taxable","12":"shipping-taxable","13":"purchasable","14":"product-type-simple"},"jetpack_sharing_enabled":true,"_links":{"self":[{"href":"https:\/\/magiaenbruto.cl\/index.php?rest_route=\/wp\/v2\/product\/380","targetHints":{"allow":["GET"]}}],"collection":[{"href":"https:\/\/magiaenbruto.cl\/index.php?rest_route=\/wp\/v2\/product"}],"about":[{"href":"https:\/\/magiaenbruto.cl\/index.php?rest_route=\/wp\/v2\/types\/product"}],"replies":[{"embeddable":true,"href":"https:\/\/magiaenbruto.cl\/index.php?rest_route=%2Fwp%2Fv2%2Fcomments&post=380"}],"version-history":[{"count":8,"href":"https:\/\/magiaenbruto.cl\/index.php?rest_route=\/wp\/v2\/product\/380\/revisions"}],"predecessor-version":[{"id":631,"href":"https:\/\/magiaenbruto.cl\/index.php?rest_route=\/wp\/v2\/product\/380\/revisions\/631"}],"wp:featuredmedia":[{"embeddable":true,"href":"https:\/\/magiaenbruto.cl\/index.php?rest_route=\/wp\/v2\/media\/384"}],"wp:attachment":[{"href":"https:\/\/magiaenbruto.cl\/index.php?rest_route=%2Fwp%2Fv2%2Fmedia&parent=380"}],"wp:term":[{"taxonomy":"product_brand","embeddable":true,"href":"https:\/\/magiaenbruto.cl\/index.php?rest_route=%2Fwp%2Fv2%2Fproduct_brand&post=380"},{"taxonomy":"product_cat","embeddable":true,"href":"https:\/\/magiaenbruto.cl\/index.php?rest_route=%2Fwp%2Fv2%2Fproduct_cat&post=380"},{"taxonomy":"product_tag","embeddable":true,"href":"https:\/\/magiaenbruto.cl\/index.php?rest_route=%2Fwp%2Fv2%2Fproduct_tag&post=380"}],"curies":[{"name":"wp","href":"https:\/\/api.w.org\/{rel}","templated":true}]}}